{"id":91,"date":"2019-06-01T20:44:22","date_gmt":"2019-06-01T18:44:22","guid":{"rendered":"http:\/\/www.ccoya-rh.com\/?page_id=91"},"modified":"2026-02-12T09:30:10","modified_gmt":"2026-02-12T08:30:10","slug":"vous-chercher-des-talents","status":"publish","type":"page","link":"https:\/\/www.ccoya-rh.com\/index.php\/vous-chercher-des-talents\/","title":{"rendered":"Former une \u00e9quipe performante"},"content":{"rendered":"\n<p><\/p>\n\n\n<p><img loading=\"lazy\" decoding=\"async\" class=\"alignnone wp-image-164\" src=\"http:\/\/www.ccoya-rh.com\/wp-content\/uploads\/2019\/06\/bandeau-linkedin-v5-300x75.jpg\" alt=\"\" width=\"500\" height=\"125\" srcset=\"https:\/\/www.ccoya-rh.com\/wp-content\/uploads\/2019\/06\/bandeau-linkedin-v5-300x75.jpg 300w, https:\/\/www.ccoya-rh.com\/wp-content\/uploads\/2019\/06\/bandeau-linkedin-v5-768x192.jpg 768w, https:\/\/www.ccoya-rh.com\/wp-content\/uploads\/2019\/06\/bandeau-linkedin-v5-1024x256.jpg 1024w\" sizes=\"auto, (max-width: 500px) 100vw, 500px\" \/><\/p>\n<p>Les cabinets de recrutement sont tr\u00e8s nombreux alors pourquoi mes clients m&rsquo;ont fait confiance ?<\/p>\n<ul>\n<li>pour mon parcours tr\u00e8s op\u00e9rationnel qui m\u2019a permis d\u2019exercer divers m\u00e9tiers et d\u2019en comprendre les attendus (\u201cproduction\u201d dans l\u2019\u00e9dition de logiciels, management de profils vari\u00e9s, commerce) ?<\/li>\n<li>pour mon expertise des m\u00e9tiers et fili\u00e8res de l\u2019agro-alimentaire ?<\/li>\n<li>pour mon vernis technique sur le secteur de l\u2019IT ?<\/li>\n<li>pour mon exp\u00e9rience en cabinet de recrutement ?<\/li>\n<li>pour mon r\u00e9seau important sur toute la France, qui me facilite les recherches de bons profils ?<\/li>\n<li>Ou tout simplement pour mon \u00e9coute, mon engagement et mes valeurs ?<\/li>\n<\/ul>\n<p>\u00catre ind\u00e9pendante pour ma part repr\u00e9sente une libert\u00e9 qui permet de s\u00e9lectionner les missions sur lesquelles se sentir efficace, ainsi que les entreprises avec lesquelles collaborer en toute confiance.<\/p>\n<p>Ma valeur ajout\u00e9e la plus forte concerne les domaines :<\/p>\n<ul>\n<li>Industrie (agro-alimentaire, BTP, autres)<\/li>\n<li>N\u00e9goce\u00a0<\/li>\n<li>Services (Informatique, conseil, analyses, finance \/ RH)<\/li>\n<\/ul>\n<p>pour de nombreux services et postes, comme ci-dessous :<\/p>\n<ul>\n<li>En production : directeur de site, responsable de production, maintenance &amp; travaux neufs&#8230;<\/li>\n<li>En services transversaux : finance, RH, qualit\u00e9, supply chain, R&amp;D<\/li>\n<li>En commerce (Vente et Achat) : manager, charg\u00e9 d\u2019affaires, prescripteur, technico-commercial, responsable ADV, responsable SAV \/ support clients, acheteur, chef de march\u00e9, animateur de r\u00e9seau.<\/li>\n<li>Pilotage de projet : Directeur de projets, consultant, chef de projets, formateur<\/li>\n<\/ul>","protected":false},"excerpt":{"rendered":"<p>Les cabinets de recrutement sont tr\u00e8s nombreux alors pourquoi mes clients m&rsquo;ont fait confiance ? pour mon parcours tr\u00e8s op\u00e9rationnel qui m\u2019a permis d\u2019exercer divers m\u00e9tiers et d\u2019en comprendre les attendus (\u201cproduction\u201d dans l\u2019\u00e9dition de logiciels, management de profils vari\u00e9s, commerce) ? pour mon expertise des m\u00e9tiers et fili\u00e8res de l\u2019agro-alimentaire ? pour mon vernis [&hellip;]<\/p>\n","protected":false},"author":1,"featured_media":0,"parent":0,"menu_order":0,"comment_status":"closed","ping_status":"closed","template":"","meta":{"footnotes":""},"class_list":["post-91","page","type-page","status-publish","czr-hentry"],"_links":{"self":[{"href":"https:\/\/www.ccoya-rh.com\/index.php\/wp-json\/wp\/v2\/pages\/91","targetHints":{"allow":["GET"]}}],"collection":[{"href":"https:\/\/www.ccoya-rh.com\/index.php\/wp-json\/wp\/v2\/pages"}],"about":[{"href":"https:\/\/www.ccoya-rh.com\/index.php\/wp-json\/wp\/v2\/types\/page"}],"author":[{"embeddable":true,"href":"https:\/\/www.ccoya-rh.com\/index.php\/wp-json\/wp\/v2\/users\/1"}],"replies":[{"embeddable":true,"href":"https:\/\/www.ccoya-rh.com\/index.php\/wp-json\/wp\/v2\/comments?post=91"}],"version-history":[{"count":26,"href":"https:\/\/www.ccoya-rh.com\/index.php\/wp-json\/wp\/v2\/pages\/91\/revisions"}],"predecessor-version":[{"id":1011,"href":"https:\/\/www.ccoya-rh.com\/index.php\/wp-json\/wp\/v2\/pages\/91\/revisions\/1011"}],"wp:attachment":[{"href":"https:\/\/www.ccoya-rh.com\/index.php\/wp-json\/wp\/v2\/media?parent=91"}],"curies":[{"name":"wp","href":"https:\/\/api.w.org\/{rel}","templated":true}]}}